{"id":172,"date":"2021-11-25T23:11:38","date_gmt":"2021-11-25T22:11:38","guid":{"rendered":"https:\/\/floresdebachmariaoz.com\/?page_id=172"},"modified":"2021-11-28T11:22:41","modified_gmt":"2021-11-28T10:22:41","slug":"terapia-de-flores-de-bach","status":"publish","type":"page","link":"https:\/\/floresdebachmariaoz.com\/index.php\/terapia-de-flores-de-bach\/","title":{"rendered":"Terapia de Flores de Bach"},"content":{"rendered":"\t\t<div data-elementor-type=\"wp-page\" data-elementor-id=\"172\" class=\"elementor elementor-172\" data-elementor-settings=\"[]\">\n\t\t\t\t\t\t\t<div class=\"elementor-section-wrap\">\n\t\t\t\t\t\t\t<section class=\"elementor-section elementor-top-section elementor-element elementor-element-d4726a6 elementor-section-boxed elementor-section-height-default elementor-section-height-default\" data-id=\"d4726a6\" data-element_type=\"section\" data-settings=\"{&quot;background_background&quot;:&quot;classic&quot;}\">\n\t\t\t\t\t\t<div class=\"elementor-container elementor-column-gap-default\">\n\t\t\t\t\t<div class=\"elementor-column elementor-col-100 elementor-top-column elementor-element elementor-element-0e3cce2\" data-id=\"0e3cce2\" data-element_type=\"column\">\n\t\t\t<div class=\"elementor-widget-wrap elementor-element-populated\">\n\t\t\t\t\t\t\t\t<div class=\"elementor-element elementor-element-d8b2760 elementor-widget elementor-widget-image\" data-id=\"d8b2760\" data-element_type=\"widget\" data-widget_type=\"image.default\">\n\t\t\t\t<div class=\"elementor-widget-container\">\n\t\t\t\t\t\t\t\t\t\t\t\t\t\t\t<img width=\"142\" height=\"200\" src=\"https:\/\/floresdebachmariaoz.com\/wp-content\/uploads\/2021\/11\/heart-36x51.png\" class=\"attachment-full size-full\" alt=\"\" loading=\"lazy\" srcset=\"https:\/\/floresdebachmariaoz.com\/wp-content\/uploads\/2021\/11\/heart.png 142w, https:\/\/floresdebachmariaoz.com\/wp-content\/uploads\/2021\/11\/heart-36x51.png 36w\" sizes=\"(max-width: 142px) 100vw, 142px\" \/>\t\t\t\t\t\t\t\t\t\t\t\t\t\t\t<\/div>\n\t\t\t\t<\/div>\n\t\t\t\t<div class=\"elementor-element elementor-element-5b564f1 elementor-widget elementor-widget-heading\" data-id=\"5b564f1\" data-element_type=\"widget\" data-widget_type=\"heading.default\">\n\t\t\t\t<div class=\"elementor-widget-container\">\n\t\t\t<h2 class=\"elementor-heading-title elementor-size-default\">Flores de Bach<\/h2>\t\t<\/div>\n\t\t\t\t<\/div>\n\t\t\t\t<div class=\"elementor-element elementor-element-f542efa elementor-widget elementor-widget-text-editor\" data-id=\"f542efa\" data-element_type=\"widget\" data-widget_type=\"text-editor.default\">\n\t\t\t\t<div class=\"elementor-widget-container\">\n\t\t\t\t\t\t\t<p>Las flores de Bach es un tratamiento para el equilibrio emocional y energ\u00e9tico incluido dentro de las terapias vibracionales \u2013 hol\u00edsticas. Se toman en forma de gotas varias veces al d\u00eda durante el tiempo necesario para sentirse mejor, siendo un proceso terap\u00e9utico de concienciaci\u00f3n y reequilibrio que ayuda a disolver las emociones bloqueadas.<\/p><p>Es una terapia de gran apoyo para muchos momentos o etapas de la vida (duelo, estr\u00e9s, ansiedad\u2026) ayudando a integrar y asimilar desequilibrios emocionales de forma respetuosa, al propio ritmo de la persona, y a ponernos en contacto con nuestras propias capacidades y potencialidades. La terapia Floral, resulta de gran apoyo en nuestro d\u00eda a d\u00eda, as\u00ed como en nuestro trabajo de crecimiento personal.<\/p><p class=\"MsoNormal\" style=\"margin-bottom: 10.0pt; line-height: 115%; mso-pagination: none; mso-layout-grid-align: none; text-autospace: none;\"><span lang=\"es\">La terapia la hago online y en consulta en Donostia-San Sebastian.<\/span><\/p><p class=\"MsoNormal\" style=\"margin-bottom: 10.0pt; line-height: 115%; mso-pagination: none; mso-layout-grid-align: none; text-autospace: none;\"><span lang=\"es\">En nuestra sesi\u00f3n, me cuentas tu situaci\u00f3n, c\u00f3mo te encuentras&#8230; , los motivos por los que has acudido a esta terapia.., y tras la primera consulta ya te indico las flores de Bach\u00a0 que puedes tomar durante aproximadamente las tres semanas siguientes, hasta la siguiente consulta conmigo. Estaremos en contacto, cuando lo necesites o quieras comentarme algo de tu proceso, por whatsap o mail.\u00a0 Tambi\u00e9n, si quieres , se puede concretar una consulta\u00a0 a la semana.<\/span><\/p><p class=\"MsoNormal\" style=\"margin-bottom: 10.0pt; line-height: 115%; mso-pagination: none; mso-layout-grid-align: none; text-autospace: none;\"><span lang=\"es\">El tiempo del tratamiento depende de cada persona.., de c\u00f3mo te vayas notando.., lo concretar\u00edamos en consulta.<\/span><\/p><p class=\"MsoNormal\" style=\"margin-bottom: 10.0pt; line-height: 115%; mso-pagination: none; mso-layout-grid-align: none; text-autospace: none;\"><span lang=\"es\">La mezcla de flores de Bach, te las puedo enviar, si est\u00e1s en Espa\u00f1a, o te puedo indicar cu\u00e1les son las flores para tomar\u00a0 y las puedes pedir en\u00a0 farmacia. <\/span><\/p><p>\u00a0<\/p><p class=\"MsoNormal\" style=\"margin-bottom: 10.0pt; line-height: 115%; mso-pagination: none; mso-layout-grid-align: none; text-autospace: none;\"><span lang=\"es\">Cualquier duda que tengas o si quieres m\u00e1s informaci\u00f3n , ponte en contacto conmigo por mail o whatsap para que te pueda ayudar!<\/span><\/p>\t\t\t\t\t\t<\/div>\n\t\t\t\t<\/div>\n\t\t\t\t\t<\/div>\n\t\t<\/div>\n\t\t\t\t\t\t\t<\/div>\n\t\t<\/section>\n\t\t\t\t\t\t<\/div>\n\t\t\t\t\t<\/div>\n\t\t","protected":false},"excerpt":{"rendered":"<p>Flores de Bach Las flores de Bach es un tratamiento para el equilibrio emocional y energ\u00e9tico incluido dentro de las terapias vibracionales \u2013 hol\u00edsticas. Se toman en forma de gotas varias veces al d\u00eda durante el tiempo necesario para sentirse mejor, siendo un proceso terap\u00e9utico de concienciaci\u00f3n y reequilibrio que ayuda a disolver las emociones &hellip;<\/p>\n<p class=\"read-more\"> <a class=\"\" href=\"https:\/\/floresdebachmariaoz.com\/index.php\/terapia-de-flores-de-bach\/\"> <span class=\"screen-reader-text\">Terapia de Flores de Bach<\/span> Leer m\u00e1s &raquo;<\/a><\/p>\n","protected":false},"author":1,"featured_media":0,"parent":0,"menu_order":0,"comment_status":"closed","ping_status":"closed","template":"elementor_theme","meta":{"site-sidebar-layout":"no-sidebar","site-content-layout":"page-builder","ast-main-header-display":"","ast-hfb-above-header-display":"","ast-hfb-below-header-display":"","ast-hfb-mobile-header-display":"","site-post-title":"disabled","ast-breadcrumbs-content":"disabled","ast-featured-img":"disabled","footer-sml-layout":"","theme-transparent-header-meta":"default","adv-header-id-meta":"","stick-header-meta":"","header-above-stick-meta":"","header-main-stick-meta":"","header-below-stick-meta":""},"yoast_head":"<!-- This site is optimized with the Yoast SEO plugin v17.6 - https:\/\/yoast.com\/wordpress\/plugins\/seo\/ -->\n<title>Flores de Bach Manual de Iniciaci\u00f3n<\/title>\n<meta name=\"description\" content=\"Flores de Bach Manual de Iniciaci\u00f3n: Emociones en Equilibrio para la Vida, con Referencias a Grupos Emocionales -Mar\u00eda OZEL\" \/>\n<meta name=\"robots\" content=\"index, follow, max-snippet:-1, max-image-preview:large, max-video-preview:-1\" \/>\n<link rel=\"canonical\" href=\"https:\/\/floresdebachmariaoz.com\/index.php\/terapia-de-flores-de-bach\/\" \/>\n<meta property=\"og:locale\" content=\"es_ES\" \/>\n<meta property=\"og:type\" content=\"article\" \/>\n<meta property=\"og:title\" content=\"Flores de Bach Manual de Iniciaci\u00f3n\" \/>\n<meta property=\"og:description\" content=\"Flores de Bach Manual de Iniciaci\u00f3n: Emociones en Equilibrio para la Vida, con Referencias a Grupos Emocionales -Mar\u00eda OZEL\" \/>\n<meta property=\"og:url\" content=\"https:\/\/floresdebachmariaoz.com\/index.php\/terapia-de-flores-de-bach\/\" \/>\n<meta property=\"og:site_name\" content=\"Flores de Bach\" \/>\n<meta property=\"article:modified_time\" content=\"2021-11-28T10:22:41+00:00\" \/>\n<meta property=\"og:image\" content=\"https:\/\/floresdebachmariaoz.com\/wp-content\/uploads\/2021\/11\/heart-36x51.png\" \/>\n<meta name=\"twitter:card\" content=\"summary_large_image\" \/>\n<meta name=\"twitter:label1\" content=\"Tiempo de lectura\" \/>\n\t<meta name=\"twitter:data1\" content=\"1 minuto\" \/>\n<script type=\"application\/ld+json\" class=\"yoast-schema-graph\">{\"@context\":\"https:\/\/schema.org\",\"@graph\":[{\"@type\":\"WebSite\",\"@id\":\"https:\/\/floresdebachmariaoz.com\/#website\",\"url\":\"https:\/\/floresdebachmariaoz.com\/\",\"name\":\"Flores de Bach\",\"description\":\"Manual de Ininiaci\\u00f3n\",\"potentialAction\":[{\"@type\":\"SearchAction\",\"target\":{\"@type\":\"EntryPoint\",\"urlTemplate\":\"https:\/\/floresdebachmariaoz.com\/?s={search_term_string}\"},\"query-input\":\"required name=search_term_string\"}],\"inLanguage\":\"es\"},{\"@type\":\"ImageObject\",\"@id\":\"https:\/\/floresdebachmariaoz.com\/index.php\/terapia-de-flores-de-bach\/#primaryimage\",\"inLanguage\":\"es\",\"url\":\"https:\/\/floresdebachmariaoz.com\/wp-content\/uploads\/2021\/11\/heart.png\",\"contentUrl\":\"https:\/\/floresdebachmariaoz.com\/wp-content\/uploads\/2021\/11\/heart.png\",\"width\":142,\"height\":200},{\"@type\":\"WebPage\",\"@id\":\"https:\/\/floresdebachmariaoz.com\/index.php\/terapia-de-flores-de-bach\/#webpage\",\"url\":\"https:\/\/floresdebachmariaoz.com\/index.php\/terapia-de-flores-de-bach\/\",\"name\":\"Flores de Bach Manual de Iniciaci\\u00f3n\",\"isPartOf\":{\"@id\":\"https:\/\/floresdebachmariaoz.com\/#website\"},\"primaryImageOfPage\":{\"@id\":\"https:\/\/floresdebachmariaoz.com\/index.php\/terapia-de-flores-de-bach\/#primaryimage\"},\"datePublished\":\"2021-11-25T22:11:38+00:00\",\"dateModified\":\"2021-11-28T10:22:41+00:00\",\"description\":\"Flores de Bach Manual de Iniciaci\\u00f3n: Emociones en Equilibrio para la Vida, con Referencias a Grupos Emocionales -Mar\\u00eda OZEL\",\"breadcrumb\":{\"@id\":\"https:\/\/floresdebachmariaoz.com\/index.php\/terapia-de-flores-de-bach\/#breadcrumb\"},\"inLanguage\":\"es\",\"potentialAction\":[{\"@type\":\"ReadAction\",\"target\":[\"https:\/\/floresdebachmariaoz.com\/index.php\/terapia-de-flores-de-bach\/\"]}]},{\"@type\":\"BreadcrumbList\",\"@id\":\"https:\/\/floresdebachmariaoz.com\/index.php\/terapia-de-flores-de-bach\/#breadcrumb\",\"itemListElement\":[{\"@type\":\"ListItem\",\"position\":1,\"name\":\"Portada\",\"item\":\"https:\/\/floresdebachmariaoz.com\/\"},{\"@type\":\"ListItem\",\"position\":2,\"name\":\"Terapia de Flores de Bach\"}]}]}<\/script>\n<!-- \/ Yoast SEO plugin. -->","yoast_head_json":{"title":"Flores de Bach Manual de Iniciaci\u00f3n","description":"Flores de Bach Manual de Iniciaci\u00f3n: Emociones en Equilibrio para la Vida, con Referencias a Grupos Emocionales -Mar\u00eda OZEL","robots":{"index":"index","follow":"follow","max-snippet":"max-snippet:-1","max-image-preview":"max-image-preview:large","max-video-preview":"max-video-preview:-1"},"canonical":"https:\/\/floresdebachmariaoz.com\/index.php\/terapia-de-flores-de-bach\/","og_locale":"es_ES","og_type":"article","og_title":"Flores de Bach Manual de Iniciaci\u00f3n","og_description":"Flores de Bach Manual de Iniciaci\u00f3n: Emociones en Equilibrio para la Vida, con Referencias a Grupos Emocionales -Mar\u00eda OZEL","og_url":"https:\/\/floresdebachmariaoz.com\/index.php\/terapia-de-flores-de-bach\/","og_site_name":"Flores de Bach","article_modified_time":"2021-11-28T10:22:41+00:00","og_image":[{"url":"https:\/\/floresdebachmariaoz.com\/wp-content\/uploads\/2021\/11\/heart-36x51.png"}],"twitter_card":"summary_large_image","twitter_misc":{"Tiempo de lectura":"1 minuto"},"schema":{"@context":"https:\/\/schema.org","@graph":[{"@type":"WebSite","@id":"https:\/\/floresdebachmariaoz.com\/#website","url":"https:\/\/floresdebachmariaoz.com\/","name":"Flores de Bach","description":"Manual de Ininiaci\u00f3n","potentialAction":[{"@type":"SearchAction","target":{"@type":"EntryPoint","urlTemplate":"https:\/\/floresdebachmariaoz.com\/?s={search_term_string}"},"query-input":"required name=search_term_string"}],"inLanguage":"es"},{"@type":"ImageObject","@id":"https:\/\/floresdebachmariaoz.com\/index.php\/terapia-de-flores-de-bach\/#primaryimage","inLanguage":"es","url":"https:\/\/floresdebachmariaoz.com\/wp-content\/uploads\/2021\/11\/heart.png","contentUrl":"https:\/\/floresdebachmariaoz.com\/wp-content\/uploads\/2021\/11\/heart.png","width":142,"height":200},{"@type":"WebPage","@id":"https:\/\/floresdebachmariaoz.com\/index.php\/terapia-de-flores-de-bach\/#webpage","url":"https:\/\/floresdebachmariaoz.com\/index.php\/terapia-de-flores-de-bach\/","name":"Flores de Bach Manual de Iniciaci\u00f3n","isPartOf":{"@id":"https:\/\/floresdebachmariaoz.com\/#website"},"primaryImageOfPage":{"@id":"https:\/\/floresdebachmariaoz.com\/index.php\/terapia-de-flores-de-bach\/#primaryimage"},"datePublished":"2021-11-25T22:11:38+00:00","dateModified":"2021-11-28T10:22:41+00:00","description":"Flores de Bach Manual de Iniciaci\u00f3n: Emociones en Equilibrio para la Vida, con Referencias a Grupos Emocionales -Mar\u00eda OZEL","breadcrumb":{"@id":"https:\/\/floresdebachmariaoz.com\/index.php\/terapia-de-flores-de-bach\/#breadcrumb"},"inLanguage":"es","potentialAction":[{"@type":"ReadAction","target":["https:\/\/floresdebachmariaoz.com\/index.php\/terapia-de-flores-de-bach\/"]}]},{"@type":"BreadcrumbList","@id":"https:\/\/floresdebachmariaoz.com\/index.php\/terapia-de-flores-de-bach\/#breadcrumb","itemListElement":[{"@type":"ListItem","position":1,"name":"Portada","item":"https:\/\/floresdebachmariaoz.com\/"},{"@type":"ListItem","position":2,"name":"Terapia de Flores de Bach"}]}]}},"_links":{"self":[{"href":"https:\/\/floresdebachmariaoz.com\/index.php\/wp-json\/wp\/v2\/pages\/172"}],"collection":[{"href":"https:\/\/floresdebachmariaoz.com\/index.php\/wp-json\/wp\/v2\/pages"}],"about":[{"href":"https:\/\/floresdebachmariaoz.com\/index.php\/wp-json\/wp\/v2\/types\/page"}],"author":[{"embeddable":true,"href":"https:\/\/floresdebachmariaoz.com\/index.php\/wp-json\/wp\/v2\/users\/1"}],"replies":[{"embeddable":true,"href":"https:\/\/floresdebachmariaoz.com\/index.php\/wp-json\/wp\/v2\/comments?post=172"}],"version-history":[{"count":13,"href":"https:\/\/floresdebachmariaoz.com\/index.php\/wp-json\/wp\/v2\/pages\/172\/revisions"}],"predecessor-version":[{"id":224,"href":"https:\/\/floresdebachmariaoz.com\/index.php\/wp-json\/wp\/v2\/pages\/172\/revisions\/224"}],"wp:attachment":[{"href":"https:\/\/floresdebachmariaoz.com\/index.php\/wp-json\/wp\/v2\/media?parent=172"}],"curies":[{"name":"wp","href":"https:\/\/api.w.org\/{rel}","templated":true}]}}