{"id":161,"date":"2021-11-25T22:38:12","date_gmt":"2021-11-25T21:38:12","guid":{"rendered":"https:\/\/floresdebachmariaoz.com\/?page_id=161"},"modified":"2021-11-25T23:15:39","modified_gmt":"2021-11-25T22:15:39","slug":"sobre-mi","status":"publish","type":"page","link":"https:\/\/floresdebachmariaoz.com\/index.php\/sobre-mi\/","title":{"rendered":"Sobre m\u00ed"},"content":{"rendered":"\t\t<div data-elementor-type=\"wp-page\" data-elementor-id=\"161\" class=\"elementor elementor-161\" data-elementor-settings=\"[]\">\n\t\t\t\t\t\t\t<div class=\"elementor-section-wrap\">\n\t\t\t\t\t\t\t<section class=\"elementor-section elementor-top-section elementor-element elementor-element-2e204cc elementor-reverse-mobile elementor-section-boxed elementor-section-height-default elementor-section-height-default\" data-id=\"2e204cc\" data-element_type=\"section\" data-settings=\"{&quot;background_background&quot;:&quot;classic&quot;}\">\n\t\t\t\t\t\t<div class=\"elementor-container elementor-column-gap-default\">\n\t\t\t\t\t<div class=\"elementor-column elementor-col-100 elementor-top-column elementor-element elementor-element-5ae9f1f\" data-id=\"5ae9f1f\" data-element_type=\"column\" data-settings=\"{&quot;background_background&quot;:&quot;classic&quot;}\">\n\t\t\t<div class=\"elementor-widget-wrap elementor-element-populated\">\n\t\t\t\t\t\t\t\t<div class=\"elementor-element elementor-element-67ae982 elementor-widget elementor-widget-image\" data-id=\"67ae982\" data-element_type=\"widget\" data-widget_type=\"image.default\">\n\t\t\t\t<div class=\"elementor-widget-container\">\n\t\t\t\t\t\t\t\t\t\t\t\t\t\t\t<img width=\"142\" height=\"200\" src=\"https:\/\/floresdebachmariaoz.com\/wp-content\/uploads\/2021\/11\/heart-36x51.png\" class=\"attachment-full size-full\" alt=\"\" loading=\"lazy\" srcset=\"https:\/\/floresdebachmariaoz.com\/wp-content\/uploads\/2021\/11\/heart.png 142w, https:\/\/floresdebachmariaoz.com\/wp-content\/uploads\/2021\/11\/heart-36x51.png 36w\" sizes=\"(max-width: 142px) 100vw, 142px\" \/>\t\t\t\t\t\t\t\t\t\t\t\t\t\t\t<\/div>\n\t\t\t\t<\/div>\n\t\t\t\t<div class=\"elementor-element elementor-element-9112695 elementor-widget elementor-widget-heading\" data-id=\"9112695\" data-element_type=\"widget\" data-widget_type=\"heading.default\">\n\t\t\t\t<div class=\"elementor-widget-container\">\n\t\t\t<h2 class=\"elementor-heading-title elementor-size-default\">Maria OZEL<\/h2>\t\t<\/div>\n\t\t\t\t<\/div>\n\t\t\t\t\t<\/div>\n\t\t<\/div>\n\t\t\t\t\t\t\t<\/div>\n\t\t<\/section>\n\t\t\t\t<section class=\"elementor-section elementor-top-section elementor-element elementor-element-51d6439 elementor-section-boxed elementor-section-height-default elementor-section-height-default\" data-id=\"51d6439\" data-element_type=\"section\">\n\t\t\t\t\t\t<div class=\"elementor-container elementor-column-gap-wider\">\n\t\t\t\t\t<div class=\"elementor-column elementor-col-50 elementor-top-column elementor-element elementor-element-df6b14b\" data-id=\"df6b14b\" data-element_type=\"column\">\n\t\t\t<div class=\"elementor-widget-wrap elementor-element-populated\">\n\t\t\t\t\t\t\t\t<div class=\"elementor-element elementor-element-2f56694 elementor-widget elementor-widget-text-editor\" data-id=\"2f56694\" data-element_type=\"widget\" data-widget_type=\"text-editor.default\">\n\t\t\t\t<div class=\"elementor-widget-container\">\n\t\t\t\t\t\t\t<p style=\"font-size: 18px; font-style: normal; font-weight: 400; color: #7a7a7a; font-family: Hind, sans-serif;\"><span style=\"border: 0px; font-style: inherit; margin: 0px; outline: 0px; padding: 0px; vertical-align: baseline;\">Mi comienzo con el mundo de las terapias fue con\u00a0<\/span><span style=\"font-weight: bold;\"><i>las flores de Bach<\/i><\/span><span style=\"border: 0px; font-style: inherit; margin: 0px; outline: 0px; padding: 0px; vertical-align: baseline;\">, hace ya m\u00e1s de 30 a\u00f1os\u2026 Siempre me hab\u00eda interesado el mundo de las terapias sutiles y energ\u00e9ticas\u2026me resonaba todo lo que tratara a la persona en su totalidad, de forma hol\u00edstica, en lo mental, emocional, f\u00edsico y espiritual\u2026 tratando a la Persona..\u00a0 Cuando conoc\u00ed esta terapia de las flores de Bach sent\u00ed una identificaci\u00f3n total con la filosof\u00eda y\u00a0 los escritos de Edward Bach.. era un enfoque trascendental y espiritual de la persona, donde se nombraba al Alma y su fusi\u00f3n con la personalidad para alcanzar el Equilibrio y la Salud..<\/span><\/p><p style=\"font-size: 18px; font-style: normal; font-weight: 400; color: #7a7a7a; font-family: Hind, sans-serif;\"><span style=\"border: 0px; font-style: inherit; margin: 0px; outline: 0px; padding: 0px; vertical-align: baseline;\">Las flores de Bach es una terapia dentro de las llamadas vibracionales o energ\u00e9ticas. Estudi\u00e9 con varios terapeutas y le\u00ed muchos libros que me sirvieron para conocer esta preciosa y potente terapia..<\/span><\/p><p>\u00a0<\/p>\t\t\t\t\t\t<\/div>\n\t\t\t\t<\/div>\n\t\t\t\t\t<\/div>\n\t\t<\/div>\n\t\t\t\t<div class=\"elementor-column elementor-col-50 elementor-top-column elementor-element elementor-element-d0fb204\" data-id=\"d0fb204\" data-element_type=\"column\">\n\t\t\t<div class=\"elementor-widget-wrap elementor-element-populated\">\n\t\t\t\t\t\t\t\t<div class=\"elementor-element elementor-element-c262767 elementor-widget elementor-widget-text-editor\" data-id=\"c262767\" data-element_type=\"widget\" data-widget_type=\"text-editor.default\">\n\t\t\t\t<div class=\"elementor-widget-container\">\n\t\t\t\t\t\t\t<p style=\"font-size: 18px; font-style: normal; font-weight: 400; color: #7a7a7a; font-family: Hind, sans-serif;\"><span style=\"font-style: inherit; border: 0px; margin: 0px; outline: 0px; padding: 0px; vertical-align: baseline;\">Aunque me considero m\u00e1s terapeuta floral, estudi\u00e9 luego\u00a0<\/span><span style=\"font-weight: bold;\"><i>psicolog\u00eda\u00a0<\/i><\/span><span style=\"font-style: inherit; border: 0px; margin: 0px; outline: 0px; padding: 0px; vertical-align: baseline;\">con la especialidad general sanitaria y\u00a0<\/span><span style=\"font-weight: bold;\"><i>psicoterapia integradora humanista<\/i><\/span><span style=\"font-style: inherit; border: 0px; margin: 0px; outline: 0px; padding: 0px; vertical-align: baseline;\">, que era la l\u00ednea que m\u00e1s se acercaba a mi forma de ver el mundo y mi concepto del ser humano, la parte m\u00e1s existencialista y trascendental.\u00a0 Me form\u00e9 en\u00a0<\/span><span style=\"font-weight: bold;\"><i>Educaci\u00f3n emocional<\/i><\/span><span style=\"font-style: inherit; border: 0px; margin: 0px; outline: 0px; padding: 0px; vertical-align: baseline;\">, centrada en\u00a0<\/span><span style=\"font-weight: bold;\"><i>emociones y salud<\/i><\/span><span style=\"font-style: inherit; border: 0px; margin: 0px; outline: 0px; padding: 0px; vertical-align: baseline;\">, estr\u00e9s y ansiedad..\u00a0 Uno de mis intereses principales ha sido la relaci\u00f3n entre el mundo emocional, las creencias.. y su equilibrio para tener una buena salud.\u00a0<\/span><\/p><p style=\"font-size: 18px; font-style: normal; font-weight: 400; color: #7a7a7a; font-family: Hind, sans-serif;\"><span style=\"border: 0px; font-style: inherit; margin: 0px; outline: 0px; padding: 0px; vertical-align: baseline;\">Entiendo la salud a nivel\u00a0<\/span><span style=\"font-weight: bold;\"><i>hol\u00edstico<\/i><\/span><span style=\"border: 0px; font-style: inherit; margin: 0px; outline: 0px; padding: 0px; vertical-align: baseline;\">\u00a0como un equilibrio y armon\u00eda a nivel mental , emocional, f\u00edsico y de conciencia o espiritual.<\/span><\/p>\t\t\t\t\t\t<\/div>\n\t\t\t\t<\/div>\n\t\t\t\t\t<\/div>\n\t\t<\/div>\n\t\t\t\t\t\t\t<\/div>\n\t\t<\/section>\n\t\t\t\t\t\t<\/div>\n\t\t\t\t\t<\/div>\n\t\t","protected":false},"excerpt":{"rendered":"<p>Maria OZEL Mi comienzo con el mundo de las terapias fue con\u00a0las flores de Bach, hace ya m\u00e1s de 30 a\u00f1os\u2026 Siempre me hab\u00eda interesado el mundo de las terapias sutiles y energ\u00e9ticas\u2026me resonaba todo lo que tratara a la persona en su totalidad, de forma hol\u00edstica, en lo mental, emocional, f\u00edsico y espiritual\u2026 tratando &hellip;<\/p>\n<p class=\"read-more\"> <a class=\"\" href=\"https:\/\/floresdebachmariaoz.com\/index.php\/sobre-mi\/\"> <span class=\"screen-reader-text\">Sobre m\u00ed<\/span> Leer m\u00e1s &raquo;<\/a><\/p>\n","protected":false},"author":1,"featured_media":0,"parent":0,"menu_order":0,"comment_status":"closed","ping_status":"closed","template":"elementor_theme","meta":{"site-sidebar-layout":"no-sidebar","site-content-layout":"page-builder","ast-main-header-display":"","ast-hfb-above-header-display":"","ast-hfb-below-header-display":"","ast-hfb-mobile-header-display":"","site-post-title":"disabled","ast-breadcrumbs-content":"disabled","ast-featured-img":"disabled","footer-sml-layout":"","theme-transparent-header-meta":"default","adv-header-id-meta":"","stick-header-meta":"","header-above-stick-meta":"","header-main-stick-meta":"","header-below-stick-meta":""},"yoast_head":"<!-- This site is optimized with the Yoast SEO plugin v17.6 - https:\/\/yoast.com\/wordpress\/plugins\/seo\/ -->\n<title>Flores de Bach Manual de Iniciaci\u00f3n<\/title>\n<meta name=\"description\" content=\"Flores de Bach Manual de Iniciaci\u00f3n: Emociones en Equilibrio para la Vida, con Referencias a Grupos Emocionales -Mar\u00eda OZEL\" \/>\n<meta name=\"robots\" content=\"index, follow, max-snippet:-1, max-image-preview:large, max-video-preview:-1\" \/>\n<link rel=\"canonical\" href=\"https:\/\/floresdebachmariaoz.com\/index.php\/sobre-mi\/\" \/>\n<meta property=\"og:locale\" content=\"es_ES\" \/>\n<meta property=\"og:type\" content=\"article\" \/>\n<meta property=\"og:title\" content=\"Flores de Bach Manual de Iniciaci\u00f3n\" \/>\n<meta property=\"og:description\" content=\"Flores de Bach Manual de Iniciaci\u00f3n: Emociones en Equilibrio para la Vida, con Referencias a Grupos Emocionales -Mar\u00eda OZEL\" \/>\n<meta property=\"og:url\" content=\"https:\/\/floresdebachmariaoz.com\/index.php\/sobre-mi\/\" \/>\n<meta property=\"og:site_name\" content=\"Flores de Bach\" \/>\n<meta property=\"article:modified_time\" content=\"2021-11-25T22:15:39+00:00\" \/>\n<meta property=\"og:image\" content=\"https:\/\/floresdebachmariaoz.com\/wp-content\/uploads\/2021\/11\/heart-36x51.png\" \/>\n<meta name=\"twitter:card\" content=\"summary_large_image\" \/>\n<meta name=\"twitter:label1\" content=\"Tiempo de lectura\" \/>\n\t<meta name=\"twitter:data1\" content=\"1 minuto\" \/>\n<script type=\"application\/ld+json\" class=\"yoast-schema-graph\">{\"@context\":\"https:\/\/schema.org\",\"@graph\":[{\"@type\":\"WebSite\",\"@id\":\"https:\/\/floresdebachmariaoz.com\/#website\",\"url\":\"https:\/\/floresdebachmariaoz.com\/\",\"name\":\"Flores de Bach\",\"description\":\"Manual de Ininiaci\\u00f3n\",\"potentialAction\":[{\"@type\":\"SearchAction\",\"target\":{\"@type\":\"EntryPoint\",\"urlTemplate\":\"https:\/\/floresdebachmariaoz.com\/?s={search_term_string}\"},\"query-input\":\"required name=search_term_string\"}],\"inLanguage\":\"es\"},{\"@type\":\"ImageObject\",\"@id\":\"https:\/\/floresdebachmariaoz.com\/index.php\/sobre-mi\/#primaryimage\",\"inLanguage\":\"es\",\"url\":\"https:\/\/floresdebachmariaoz.com\/wp-content\/uploads\/2021\/11\/heart.png\",\"contentUrl\":\"https:\/\/floresdebachmariaoz.com\/wp-content\/uploads\/2021\/11\/heart.png\",\"width\":142,\"height\":200},{\"@type\":\"WebPage\",\"@id\":\"https:\/\/floresdebachmariaoz.com\/index.php\/sobre-mi\/#webpage\",\"url\":\"https:\/\/floresdebachmariaoz.com\/index.php\/sobre-mi\/\",\"name\":\"Flores de Bach Manual de Iniciaci\\u00f3n\",\"isPartOf\":{\"@id\":\"https:\/\/floresdebachmariaoz.com\/#website\"},\"primaryImageOfPage\":{\"@id\":\"https:\/\/floresdebachmariaoz.com\/index.php\/sobre-mi\/#primaryimage\"},\"datePublished\":\"2021-11-25T21:38:12+00:00\",\"dateModified\":\"2021-11-25T22:15:39+00:00\",\"description\":\"Flores de Bach Manual de Iniciaci\\u00f3n: Emociones en Equilibrio para la Vida, con Referencias a Grupos Emocionales -Mar\\u00eda OZEL\",\"breadcrumb\":{\"@id\":\"https:\/\/floresdebachmariaoz.com\/index.php\/sobre-mi\/#breadcrumb\"},\"inLanguage\":\"es\",\"potentialAction\":[{\"@type\":\"ReadAction\",\"target\":[\"https:\/\/floresdebachmariaoz.com\/index.php\/sobre-mi\/\"]}]},{\"@type\":\"BreadcrumbList\",\"@id\":\"https:\/\/floresdebachmariaoz.com\/index.php\/sobre-mi\/#breadcrumb\",\"itemListElement\":[{\"@type\":\"ListItem\",\"position\":1,\"name\":\"Portada\",\"item\":\"https:\/\/floresdebachmariaoz.com\/\"},{\"@type\":\"ListItem\",\"position\":2,\"name\":\"Sobre m\\u00ed\"}]}]}<\/script>\n<!-- \/ Yoast SEO plugin. -->","yoast_head_json":{"title":"Flores de Bach Manual de Iniciaci\u00f3n","description":"Flores de Bach Manual de Iniciaci\u00f3n: Emociones en Equilibrio para la Vida, con Referencias a Grupos Emocionales -Mar\u00eda OZEL","robots":{"index":"index","follow":"follow","max-snippet":"max-snippet:-1","max-image-preview":"max-image-preview:large","max-video-preview":"max-video-preview:-1"},"canonical":"https:\/\/floresdebachmariaoz.com\/index.php\/sobre-mi\/","og_locale":"es_ES","og_type":"article","og_title":"Flores de Bach Manual de Iniciaci\u00f3n","og_description":"Flores de Bach Manual de Iniciaci\u00f3n: Emociones en Equilibrio para la Vida, con Referencias a Grupos Emocionales -Mar\u00eda OZEL","og_url":"https:\/\/floresdebachmariaoz.com\/index.php\/sobre-mi\/","og_site_name":"Flores de Bach","article_modified_time":"2021-11-25T22:15:39+00:00","og_image":[{"url":"https:\/\/floresdebachmariaoz.com\/wp-content\/uploads\/2021\/11\/heart-36x51.png"}],"twitter_card":"summary_large_image","twitter_misc":{"Tiempo de lectura":"1 minuto"},"schema":{"@context":"https:\/\/schema.org","@graph":[{"@type":"WebSite","@id":"https:\/\/floresdebachmariaoz.com\/#website","url":"https:\/\/floresdebachmariaoz.com\/","name":"Flores de Bach","description":"Manual de Ininiaci\u00f3n","potentialAction":[{"@type":"SearchAction","target":{"@type":"EntryPoint","urlTemplate":"https:\/\/floresdebachmariaoz.com\/?s={search_term_string}"},"query-input":"required name=search_term_string"}],"inLanguage":"es"},{"@type":"ImageObject","@id":"https:\/\/floresdebachmariaoz.com\/index.php\/sobre-mi\/#primaryimage","inLanguage":"es","url":"https:\/\/floresdebachmariaoz.com\/wp-content\/uploads\/2021\/11\/heart.png","contentUrl":"https:\/\/floresdebachmariaoz.com\/wp-content\/uploads\/2021\/11\/heart.png","width":142,"height":200},{"@type":"WebPage","@id":"https:\/\/floresdebachmariaoz.com\/index.php\/sobre-mi\/#webpage","url":"https:\/\/floresdebachmariaoz.com\/index.php\/sobre-mi\/","name":"Flores de Bach Manual de Iniciaci\u00f3n","isPartOf":{"@id":"https:\/\/floresdebachmariaoz.com\/#website"},"primaryImageOfPage":{"@id":"https:\/\/floresdebachmariaoz.com\/index.php\/sobre-mi\/#primaryimage"},"datePublished":"2021-11-25T21:38:12+00:00","dateModified":"2021-11-25T22:15:39+00:00","description":"Flores de Bach Manual de Iniciaci\u00f3n: Emociones en Equilibrio para la Vida, con Referencias a Grupos Emocionales -Mar\u00eda OZEL","breadcrumb":{"@id":"https:\/\/floresdebachmariaoz.com\/index.php\/sobre-mi\/#breadcrumb"},"inLanguage":"es","potentialAction":[{"@type":"ReadAction","target":["https:\/\/floresdebachmariaoz.com\/index.php\/sobre-mi\/"]}]},{"@type":"BreadcrumbList","@id":"https:\/\/floresdebachmariaoz.com\/index.php\/sobre-mi\/#breadcrumb","itemListElement":[{"@type":"ListItem","position":1,"name":"Portada","item":"https:\/\/floresdebachmariaoz.com\/"},{"@type":"ListItem","position":2,"name":"Sobre m\u00ed"}]}]}},"_links":{"self":[{"href":"https:\/\/floresdebachmariaoz.com\/index.php\/wp-json\/wp\/v2\/pages\/161"}],"collection":[{"href":"https:\/\/floresdebachmariaoz.com\/index.php\/wp-json\/wp\/v2\/pages"}],"about":[{"href":"https:\/\/floresdebachmariaoz.com\/index.php\/wp-json\/wp\/v2\/types\/page"}],"author":[{"embeddable":true,"href":"https:\/\/floresdebachmariaoz.com\/index.php\/wp-json\/wp\/v2\/users\/1"}],"replies":[{"embeddable":true,"href":"https:\/\/floresdebachmariaoz.com\/index.php\/wp-json\/wp\/v2\/comments?post=161"}],"version-history":[{"count":7,"href":"https:\/\/floresdebachmariaoz.com\/index.php\/wp-json\/wp\/v2\/pages\/161\/revisions"}],"predecessor-version":[{"id":176,"href":"https:\/\/floresdebachmariaoz.com\/index.php\/wp-json\/wp\/v2\/pages\/161\/revisions\/176"}],"wp:attachment":[{"href":"https:\/\/floresdebachmariaoz.com\/index.php\/wp-json\/wp\/v2\/media?parent=161"}],"curies":[{"name":"wp","href":"https:\/\/api.w.org\/{rel}","templated":true}]}}