{"id":150,"date":"2021-11-25T22:29:08","date_gmt":"2021-11-25T21:29:08","guid":{"rendered":"https:\/\/floresdebachmariaoz.com\/?page_id=150"},"modified":"2021-11-28T11:40:49","modified_gmt":"2021-11-28T10:40:49","slug":"formacion","status":"publish","type":"page","link":"https:\/\/floresdebachmariaoz.com\/index.php\/formacion\/","title":{"rendered":"Formaci\u00f3n"},"content":{"rendered":"\t\t<div data-elementor-type=\"wp-page\" data-elementor-id=\"150\" class=\"elementor elementor-150\" data-elementor-settings=\"[]\">\n\t\t\t\t\t\t\t<div class=\"elementor-section-wrap\">\n\t\t\t\t\t\t\t<section class=\"elementor-section elementor-top-section elementor-element elementor-element-f52bd02 elementor-reverse-mobile elementor-section-boxed elementor-section-height-default elementor-section-height-default\" data-id=\"f52bd02\" data-element_type=\"section\" data-settings=\"{&quot;background_background&quot;:&quot;classic&quot;}\">\n\t\t\t\t\t\t<div class=\"elementor-container elementor-column-gap-default\">\n\t\t\t\t\t<div class=\"elementor-column elementor-col-100 elementor-top-column elementor-element elementor-element-f3aa0dc\" data-id=\"f3aa0dc\" data-element_type=\"column\" data-settings=\"{&quot;background_background&quot;:&quot;classic&quot;}\">\n\t\t\t<div class=\"elementor-widget-wrap elementor-element-populated\">\n\t\t\t\t\t\t\t\t<div class=\"elementor-element elementor-element-37afba6 elementor-widget elementor-widget-image\" data-id=\"37afba6\" data-element_type=\"widget\" data-widget_type=\"image.default\">\n\t\t\t\t<div class=\"elementor-widget-container\">\n\t\t\t\t\t\t\t\t\t\t\t\t\t\t\t<img width=\"142\" height=\"200\" src=\"https:\/\/floresdebachmariaoz.com\/wp-content\/uploads\/2021\/11\/heart-36x51.png\" class=\"attachment-full size-full\" alt=\"\" loading=\"lazy\" srcset=\"https:\/\/floresdebachmariaoz.com\/wp-content\/uploads\/2021\/11\/heart.png 142w, https:\/\/floresdebachmariaoz.com\/wp-content\/uploads\/2021\/11\/heart-36x51.png 36w\" sizes=\"(max-width: 142px) 100vw, 142px\" \/>\t\t\t\t\t\t\t\t\t\t\t\t\t\t\t<\/div>\n\t\t\t\t<\/div>\n\t\t\t\t<div class=\"elementor-element elementor-element-7b1a217 elementor-widget elementor-widget-heading\" data-id=\"7b1a217\" data-element_type=\"widget\" data-widget_type=\"heading.default\">\n\t\t\t\t<div class=\"elementor-widget-container\">\n\t\t\t<h2 class=\"elementor-heading-title elementor-size-default\">Formaci\u00f3n<\/h2>\t\t<\/div>\n\t\t\t\t<\/div>\n\t\t\t\t<div class=\"elementor-element elementor-element-e9daff4 elementor-widget elementor-widget-text-editor\" data-id=\"e9daff4\" data-element_type=\"widget\" data-widget_type=\"text-editor.default\">\n\t\t\t\t<div class=\"elementor-widget-container\">\n\t\t\t\t\t\t\t<p><span style=\"font-style: inherit; font-weight: inherit;\">En la formaci\u00f3n nos basaremos en el libro\u00a0\u00bb Flores de Bach. Manual de Iniciaci\u00f3n\u00bb donde veremos cada una de las\u00a0flores, su relaci\u00f3n con diferentes estados emocionales y en qu\u00e9 situaciones\u00a0tomarlas.<\/span><\/p><p>Para facilitar a la gente que las use, he escrito, en resumen, unas situaciones generales por las que todos pasamos (\u00abindicadores orientativos de grupos emocionales\u00bb), como una gu\u00eda de estados emocionales, y as\u00ed, poder buscar m\u00e1s f\u00e1cilmente las flores que necesitas. Como una primera orientaci\u00f3n para saber en qu\u00e9 flores empezar a fijarte, y luego puedes buscarlas en la descripci\u00f3n m\u00e1s a fondo de cada una, para saber m\u00e1s de ellas en detalle, y elegir as\u00ed cual es la que mejor te va&#8230;<\/p><p>Espero que el se\u00f1alarlo as\u00ed facilite el animarte a probar las flores para ti o para gente cercana&#8230;<\/p><p>La idea es que, en un comienzo, muchas veces no se sabe por d\u00f3nde empezar&#8230;, en este caso, en la terapia floral son 38 flores, 38 estados emocionales diferentes, y a veces no se acaba de conocer la terapia ni lanzarse a trabajar con ella porque parece complicada o porque hay mucha informaci\u00f3n&#8230;, y se puede quedar ahi sin conocerla&#8230; sin aprovecharla&#8230;<\/p><p>Por eso he propuesto situaciones diferentes que en terapia es donde m\u00e1s se suele pedir ayuda, indicando algunas flores como un primer referente, para equilibrar esos estados emocionales en los que nos encontramos, y as\u00ed filtrar como inicio unas primeras flores por las que podr\u00edamos empezar a consultar, y ver cuales se acercar\u00edan m\u00e1s a lo que est\u00e1s buscando.<\/p><p>Esto ser\u00eda como una ayuda, una orientaci\u00f3n, como primera aproximaci\u00f3n, siempre teniendo presente que las Flores de Bach se dan teniendo en cuenta a la persona individualmente, ya que cada persona vivir\u00e1 de forma diferente su situaci\u00f3n y habr\u00eda que observar no s\u00f3lo las situaciones, como algo externo, sino tambi\u00e9n la actitud, el car\u00e1cter y la personalidad de cada uno.<\/p><p>\u00a0<\/p>\t\t\t\t\t\t<\/div>\n\t\t\t\t<\/div>\n\t\t\t\t\t<\/div>\n\t\t<\/div>\n\t\t\t\t\t\t\t<\/div>\n\t\t<\/section>\n\t\t\t\t<section class=\"elementor-section elementor-top-section elementor-element elementor-element-a844f33 elementor-section-boxed elementor-section-height-default elementor-section-height-default\" data-id=\"a844f33\" data-element_type=\"section\" data-settings=\"{&quot;background_background&quot;:&quot;classic&quot;}\">\n\t\t\t\t\t\t<div class=\"elementor-container elementor-column-gap-default\">\n\t\t\t\t\t<div class=\"elementor-column elementor-col-100 elementor-top-column elementor-element elementor-element-b46742d\" data-id=\"b46742d\" data-element_type=\"column\">\n\t\t\t<div class=\"elementor-widget-wrap elementor-element-populated\">\n\t\t\t\t\t\t\t\t<div class=\"elementor-element elementor-element-077cf54 elementor-widget elementor-widget-text-editor\" data-id=\"077cf54\" data-element_type=\"widget\" data-widget_type=\"text-editor.default\">\n\t\t\t\t<div class=\"elementor-widget-container\">\n\t\t\t\t\t\t\t<p><b><i><u><span lang=\"es\">Si tienes cualquier duda sobre la formaci\u00f3n o quieres proponer alg\u00fan&nbsp;tema en concreto que te interese para trabajarlo con las flores de Bach, te&nbsp;animo a que te pongas en contacto conmigo por mail o whatsapp&nbsp; para ver c\u00f3mo te puedo ayudar.<\/span><\/u><\/i><\/b><\/p><p><b style=\"font-style: inherit; color: var( --e-global-color-astglobalcolor5 );\"><i><u><span lang=\"es\">Hago SESIONES DE SUPERVISI\u00d3N para personas que ya utilicen las flores de&nbsp;Bach, por horas sueltas o en pack de 4 horas.<\/span><\/u><\/i><\/b><\/p>\t\t\t\t\t\t<\/div>\n\t\t\t\t<\/div>\n\t\t\t\t<div class=\"elementor-element elementor-element-f2edf22 elementor-align-center elementor-button-info elementor-widget elementor-widget-button\" data-id=\"f2edf22\" data-element_type=\"widget\" data-widget_type=\"button.default\">\n\t\t\t\t<div class=\"elementor-widget-container\">\n\t\t\t\t\t<div class=\"elementor-button-wrapper\">\n\t\t\t<a href=\"https:\/\/floresdebachmariaoz.com\/index.php\/contacto\/\" class=\"elementor-button-link elementor-button elementor-size-sm elementor-animation-shrink\" role=\"button\">\n\t\t\t\t\t\t<span class=\"elementor-button-content-wrapper\">\n\t\t\t\t\t\t<span class=\"elementor-button-icon elementor-align-icon-right\">\n\t\t\t\t<svg xmlns=\"http:\/\/www.w3.org\/2000\/svg\" width=\"24\" height=\"24\" viewBox=\"0 0 24 24\"><path d=\"M12 12.713l-11.985-9.713h23.97l-11.985 9.713zm0 2.574l-12-9.725v15.438h24v-15.438l-12 9.725z\"><\/path><\/svg>\t\t\t<\/span>\n\t\t\t\t\t\t<span class=\"elementor-button-text\">contacto<\/span>\n\t\t<\/span>\n\t\t\t\t\t<\/a>\n\t\t<\/div>\n\t\t\t\t<\/div>\n\t\t\t\t<\/div>\n\t\t\t\t\t<\/div>\n\t\t<\/div>\n\t\t\t\t\t\t\t<\/div>\n\t\t<\/section>\n\t\t\t\t\t\t<\/div>\n\t\t\t\t\t<\/div>\n\t\t","protected":false},"excerpt":{"rendered":"<p>Formaci\u00f3n En la formaci\u00f3n nos basaremos en el libro\u00a0\u00bb Flores de Bach. Manual de Iniciaci\u00f3n\u00bb donde veremos cada una de las\u00a0flores, su relaci\u00f3n con diferentes estados emocionales y en qu\u00e9 situaciones\u00a0tomarlas. Para facilitar a la gente que las use, he escrito, en resumen, unas situaciones generales por las que todos pasamos (\u00abindicadores orientativos de grupos &hellip;<\/p>\n<p class=\"read-more\"> <a class=\"\" href=\"https:\/\/floresdebachmariaoz.com\/index.php\/formacion\/\"> <span class=\"screen-reader-text\">Formaci\u00f3n<\/span> Leer m\u00e1s &raquo;<\/a><\/p>\n","protected":false},"author":1,"featured_media":0,"parent":0,"menu_order":0,"comment_status":"closed","ping_status":"closed","template":"elementor_theme","meta":{"site-sidebar-layout":"no-sidebar","site-content-layout":"page-builder","ast-main-header-display":"","ast-hfb-above-header-display":"","ast-hfb-below-header-display":"","ast-hfb-mobile-header-display":"","site-post-title":"disabled","ast-breadcrumbs-content":"disabled","ast-featured-img":"disabled","footer-sml-layout":"","theme-transparent-header-meta":"default","adv-header-id-meta":"","stick-header-meta":"","header-above-stick-meta":"","header-main-stick-meta":"","header-below-stick-meta":""},"yoast_head":"<!-- This site is optimized with the Yoast SEO plugin v17.6 - https:\/\/yoast.com\/wordpress\/plugins\/seo\/ -->\n<title>Flores de Bach Manual de Iniciaci\u00f3n<\/title>\n<meta name=\"description\" content=\"Flores de Bach Manual de Iniciaci\u00f3n: Emociones en Equilibrio para la Vida, con Referencias a Grupos Emocionales -Mar\u00eda OZEL\" \/>\n<meta name=\"robots\" content=\"index, follow, max-snippet:-1, max-image-preview:large, max-video-preview:-1\" \/>\n<link rel=\"canonical\" href=\"https:\/\/floresdebachmariaoz.com\/index.php\/formacion\/\" \/>\n<meta property=\"og:locale\" content=\"es_ES\" \/>\n<meta property=\"og:type\" content=\"article\" \/>\n<meta property=\"og:title\" content=\"Flores de Bach Manual de Iniciaci\u00f3n\" \/>\n<meta property=\"og:description\" content=\"Flores de Bach Manual de Iniciaci\u00f3n: Emociones en Equilibrio para la Vida, con Referencias a Grupos Emocionales -Mar\u00eda OZEL\" \/>\n<meta property=\"og:url\" content=\"https:\/\/floresdebachmariaoz.com\/index.php\/formacion\/\" \/>\n<meta property=\"og:site_name\" content=\"Flores de Bach\" \/>\n<meta property=\"article:modified_time\" content=\"2021-11-28T10:40:49+00:00\" \/>\n<meta property=\"og:image\" content=\"https:\/\/floresdebachmariaoz.com\/wp-content\/uploads\/2021\/11\/heart-36x51.png\" \/>\n<meta name=\"twitter:card\" content=\"summary_large_image\" \/>\n<meta name=\"twitter:label1\" content=\"Tiempo de lectura\" \/>\n\t<meta name=\"twitter:data1\" content=\"2 minutos\" \/>\n<script type=\"application\/ld+json\" class=\"yoast-schema-graph\">{\"@context\":\"https:\/\/schema.org\",\"@graph\":[{\"@type\":\"WebSite\",\"@id\":\"https:\/\/floresdebachmariaoz.com\/#website\",\"url\":\"https:\/\/floresdebachmariaoz.com\/\",\"name\":\"Flores de Bach\",\"description\":\"Manual de Ininiaci\\u00f3n\",\"potentialAction\":[{\"@type\":\"SearchAction\",\"target\":{\"@type\":\"EntryPoint\",\"urlTemplate\":\"https:\/\/floresdebachmariaoz.com\/?s={search_term_string}\"},\"query-input\":\"required name=search_term_string\"}],\"inLanguage\":\"es\"},{\"@type\":\"ImageObject\",\"@id\":\"https:\/\/floresdebachmariaoz.com\/index.php\/formacion\/#primaryimage\",\"inLanguage\":\"es\",\"url\":\"https:\/\/floresdebachmariaoz.com\/wp-content\/uploads\/2021\/11\/heart.png\",\"contentUrl\":\"https:\/\/floresdebachmariaoz.com\/wp-content\/uploads\/2021\/11\/heart.png\",\"width\":142,\"height\":200},{\"@type\":\"WebPage\",\"@id\":\"https:\/\/floresdebachmariaoz.com\/index.php\/formacion\/#webpage\",\"url\":\"https:\/\/floresdebachmariaoz.com\/index.php\/formacion\/\",\"name\":\"Flores de Bach Manual de Iniciaci\\u00f3n\",\"isPartOf\":{\"@id\":\"https:\/\/floresdebachmariaoz.com\/#website\"},\"primaryImageOfPage\":{\"@id\":\"https:\/\/floresdebachmariaoz.com\/index.php\/formacion\/#primaryimage\"},\"datePublished\":\"2021-11-25T21:29:08+00:00\",\"dateModified\":\"2021-11-28T10:40:49+00:00\",\"description\":\"Flores de Bach Manual de Iniciaci\\u00f3n: Emociones en Equilibrio para la Vida, con Referencias a Grupos Emocionales -Mar\\u00eda OZEL\",\"breadcrumb\":{\"@id\":\"https:\/\/floresdebachmariaoz.com\/index.php\/formacion\/#breadcrumb\"},\"inLanguage\":\"es\",\"potentialAction\":[{\"@type\":\"ReadAction\",\"target\":[\"https:\/\/floresdebachmariaoz.com\/index.php\/formacion\/\"]}]},{\"@type\":\"BreadcrumbList\",\"@id\":\"https:\/\/floresdebachmariaoz.com\/index.php\/formacion\/#breadcrumb\",\"itemListElement\":[{\"@type\":\"ListItem\",\"position\":1,\"name\":\"Portada\",\"item\":\"https:\/\/floresdebachmariaoz.com\/\"},{\"@type\":\"ListItem\",\"position\":2,\"name\":\"Formaci\\u00f3n\"}]}]}<\/script>\n<!-- \/ Yoast SEO plugin. -->","yoast_head_json":{"title":"Flores de Bach Manual de Iniciaci\u00f3n","description":"Flores de Bach Manual de Iniciaci\u00f3n: Emociones en Equilibrio para la Vida, con Referencias a Grupos Emocionales -Mar\u00eda OZEL","robots":{"index":"index","follow":"follow","max-snippet":"max-snippet:-1","max-image-preview":"max-image-preview:large","max-video-preview":"max-video-preview:-1"},"canonical":"https:\/\/floresdebachmariaoz.com\/index.php\/formacion\/","og_locale":"es_ES","og_type":"article","og_title":"Flores de Bach Manual de Iniciaci\u00f3n","og_description":"Flores de Bach Manual de Iniciaci\u00f3n: Emociones en Equilibrio para la Vida, con Referencias a Grupos Emocionales -Mar\u00eda OZEL","og_url":"https:\/\/floresdebachmariaoz.com\/index.php\/formacion\/","og_site_name":"Flores de Bach","article_modified_time":"2021-11-28T10:40:49+00:00","og_image":[{"url":"https:\/\/floresdebachmariaoz.com\/wp-content\/uploads\/2021\/11\/heart-36x51.png"}],"twitter_card":"summary_large_image","twitter_misc":{"Tiempo de lectura":"2 minutos"},"schema":{"@context":"https:\/\/schema.org","@graph":[{"@type":"WebSite","@id":"https:\/\/floresdebachmariaoz.com\/#website","url":"https:\/\/floresdebachmariaoz.com\/","name":"Flores de Bach","description":"Manual de Ininiaci\u00f3n","potentialAction":[{"@type":"SearchAction","target":{"@type":"EntryPoint","urlTemplate":"https:\/\/floresdebachmariaoz.com\/?s={search_term_string}"},"query-input":"required name=search_term_string"}],"inLanguage":"es"},{"@type":"ImageObject","@id":"https:\/\/floresdebachmariaoz.com\/index.php\/formacion\/#primaryimage","inLanguage":"es","url":"https:\/\/floresdebachmariaoz.com\/wp-content\/uploads\/2021\/11\/heart.png","contentUrl":"https:\/\/floresdebachmariaoz.com\/wp-content\/uploads\/2021\/11\/heart.png","width":142,"height":200},{"@type":"WebPage","@id":"https:\/\/floresdebachmariaoz.com\/index.php\/formacion\/#webpage","url":"https:\/\/floresdebachmariaoz.com\/index.php\/formacion\/","name":"Flores de Bach Manual de Iniciaci\u00f3n","isPartOf":{"@id":"https:\/\/floresdebachmariaoz.com\/#website"},"primaryImageOfPage":{"@id":"https:\/\/floresdebachmariaoz.com\/index.php\/formacion\/#primaryimage"},"datePublished":"2021-11-25T21:29:08+00:00","dateModified":"2021-11-28T10:40:49+00:00","description":"Flores de Bach Manual de Iniciaci\u00f3n: Emociones en Equilibrio para la Vida, con Referencias a Grupos Emocionales -Mar\u00eda OZEL","breadcrumb":{"@id":"https:\/\/floresdebachmariaoz.com\/index.php\/formacion\/#breadcrumb"},"inLanguage":"es","potentialAction":[{"@type":"ReadAction","target":["https:\/\/floresdebachmariaoz.com\/index.php\/formacion\/"]}]},{"@type":"BreadcrumbList","@id":"https:\/\/floresdebachmariaoz.com\/index.php\/formacion\/#breadcrumb","itemListElement":[{"@type":"ListItem","position":1,"name":"Portada","item":"https:\/\/floresdebachmariaoz.com\/"},{"@type":"ListItem","position":2,"name":"Formaci\u00f3n"}]}]}},"_links":{"self":[{"href":"https:\/\/floresdebachmariaoz.com\/index.php\/wp-json\/wp\/v2\/pages\/150"}],"collection":[{"href":"https:\/\/floresdebachmariaoz.com\/index.php\/wp-json\/wp\/v2\/pages"}],"about":[{"href":"https:\/\/floresdebachmariaoz.com\/index.php\/wp-json\/wp\/v2\/types\/page"}],"author":[{"embeddable":true,"href":"https:\/\/floresdebachmariaoz.com\/index.php\/wp-json\/wp\/v2\/users\/1"}],"replies":[{"embeddable":true,"href":"https:\/\/floresdebachmariaoz.com\/index.php\/wp-json\/wp\/v2\/comments?post=150"}],"version-history":[{"count":32,"href":"https:\/\/floresdebachmariaoz.com\/index.php\/wp-json\/wp\/v2\/pages\/150\/revisions"}],"predecessor-version":[{"id":231,"href":"https:\/\/floresdebachmariaoz.com\/index.php\/wp-json\/wp\/v2\/pages\/150\/revisions\/231"}],"wp:attachment":[{"href":"https:\/\/floresdebachmariaoz.com\/index.php\/wp-json\/wp\/v2\/media?parent=150"}],"curies":[{"name":"wp","href":"https:\/\/api.w.org\/{rel}","templated":true}]}}