{"id":138,"date":"2021-11-25T19:49:43","date_gmt":"2021-11-25T18:49:43","guid":{"rendered":"https:\/\/floresdebachmariaoz.com\/?page_id=138"},"modified":"2025-07-05T12:37:09","modified_gmt":"2025-07-05T10:37:09","slug":"libro","status":"publish","type":"page","link":"https:\/\/floresdebachmariaoz.com\/index.php\/libro\/","title":{"rendered":"Libro"},"content":{"rendered":"\t\t<div data-elementor-type=\"wp-page\" data-elementor-id=\"138\" class=\"elementor elementor-138\" data-elementor-settings=\"[]\">\n\t\t\t\t\t\t\t<div class=\"elementor-section-wrap\">\n\t\t\t\t\t\t\t<section class=\"elementor-section elementor-top-section elementor-element elementor-element-0d98255 elementor-section-boxed elementor-section-height-default elementor-section-height-default\" data-id=\"0d98255\" data-element_type=\"section\" data-settings=\"{&quot;background_background&quot;:&quot;classic&quot;}\">\n\t\t\t\t\t\t<div class=\"elementor-container elementor-column-gap-default\">\n\t\t\t\t\t<div class=\"elementor-column elementor-col-100 elementor-top-column elementor-element elementor-element-9998f9f\" data-id=\"9998f9f\" data-element_type=\"column\">\n\t\t\t<div class=\"elementor-widget-wrap elementor-element-populated\">\n\t\t\t\t\t\t\t\t<div class=\"elementor-element elementor-element-1b72130 elementor-widget elementor-widget-image\" data-id=\"1b72130\" data-element_type=\"widget\" data-widget_type=\"image.default\">\n\t\t\t\t<div class=\"elementor-widget-container\">\n\t\t\t\t\t\t\t\t\t\t\t\t\t\t\t<img width=\"142\" height=\"200\" src=\"https:\/\/floresdebachmariaoz.com\/wp-content\/uploads\/2021\/11\/heart-36x51.png\" class=\"attachment-full size-full\" alt=\"\" loading=\"lazy\" srcset=\"https:\/\/floresdebachmariaoz.com\/wp-content\/uploads\/2021\/11\/heart.png 142w, https:\/\/floresdebachmariaoz.com\/wp-content\/uploads\/2021\/11\/heart-36x51.png 36w\" sizes=\"(max-width: 142px) 100vw, 142px\" \/>\t\t\t\t\t\t\t\t\t\t\t\t\t\t\t<\/div>\n\t\t\t\t<\/div>\n\t\t\t\t<div class=\"elementor-element elementor-element-3653c0a elementor-widget elementor-widget-heading\" data-id=\"3653c0a\" data-element_type=\"widget\" data-widget_type=\"heading.default\">\n\t\t\t\t<div class=\"elementor-widget-container\">\n\t\t\t<h2 class=\"elementor-heading-title elementor-size-default\">Flores de Bach<\/h2>\t\t<\/div>\n\t\t\t\t<\/div>\n\t\t\t\t<div class=\"elementor-element elementor-element-0afd054 elementor-widget elementor-widget-heading\" data-id=\"0afd054\" data-element_type=\"widget\" data-widget_type=\"heading.default\">\n\t\t\t\t<div class=\"elementor-widget-container\">\n\t\t\t<h3 class=\"elementor-heading-title elementor-size-default\">Manual de Iniciaci\u00f3n<\/h3>\t\t<\/div>\n\t\t\t\t<\/div>\n\t\t\t\t<div class=\"elementor-element elementor-element-87575d7 elementor-widget elementor-widget-heading\" data-id=\"87575d7\" data-element_type=\"widget\" data-widget_type=\"heading.default\">\n\t\t\t\t<div class=\"elementor-widget-container\">\n\t\t\t<p class=\"elementor-heading-title elementor-size-default\">Emociones en Equilibrio \npara la Vida<\/p>\t\t<\/div>\n\t\t\t\t<\/div>\n\t\t\t\t<div class=\"elementor-element elementor-element-8e886a0 elementor-widget-divider--view-line elementor-widget elementor-widget-divider\" data-id=\"8e886a0\" data-element_type=\"widget\" data-widget_type=\"divider.default\">\n\t\t\t\t<div class=\"elementor-widget-container\">\n\t\t\t\t\t<div class=\"elementor-divider\">\n\t\t\t<span class=\"elementor-divider-separator\">\n\t\t\t\t\t\t<\/span>\n\t\t<\/div>\n\t\t\t\t<\/div>\n\t\t\t\t<\/div>\n\t\t\t\t<div class=\"elementor-element elementor-element-c4f1e39 elementor-widget elementor-widget-heading\" data-id=\"c4f1e39\" data-element_type=\"widget\" data-widget_type=\"heading.default\">\n\t\t\t\t<div class=\"elementor-widget-container\">\n\t\t\t<p class=\"elementor-heading-title elementor-size-default\">Con Referencias a Grupos Emocionales<\/p>\t\t<\/div>\n\t\t\t\t<\/div>\n\t\t\t\t<div class=\"elementor-element elementor-element-7122d07 elementor-widget elementor-widget-heading\" data-id=\"7122d07\" data-element_type=\"widget\" data-widget_type=\"heading.default\">\n\t\t\t\t<div class=\"elementor-widget-container\">\n\t\t\t<h3 class=\"elementor-heading-title elementor-size-default\">Mar\u00eda OZEL<\/h3>\t\t<\/div>\n\t\t\t\t<\/div>\n\t\t\t\t<div class=\"elementor-element elementor-element-7c95999 elementor-align-center elementor-widget elementor-widget-button\" data-id=\"7c95999\" data-element_type=\"widget\" data-widget_type=\"button.default\">\n\t\t\t\t<div class=\"elementor-widget-container\">\n\t\t\t\t\t<div class=\"elementor-button-wrapper\">\n\t\t\t<a href=\"https:\/\/www.amazon.es\/dp\/B09KS3946G\" target=\"_blank\" class=\"elementor-button-link elementor-button elementor-size-sm elementor-animation-shrink\" role=\"button\">\n\t\t\t\t\t\t<span class=\"elementor-button-content-wrapper\">\n\t\t\t\t\t\t<span class=\"elementor-button-icon elementor-align-icon-left\">\n\t\t\t\t<i aria-hidden=\"true\" class=\"fab fa-amazon\"><\/i>\t\t\t<\/span>\n\t\t\t\t\t\t<span class=\"elementor-button-text\">comprar en amazon<\/span>\n\t\t<\/span>\n\t\t\t\t\t<\/a>\n\t\t<\/div>\n\t\t\t\t<\/div>\n\t\t\t\t<\/div>\n\t\t\t\t\t<\/div>\n\t\t<\/div>\n\t\t\t\t\t\t\t<\/div>\n\t\t<\/section>\n\t\t\t\t<section class=\"elementor-section elementor-top-section elementor-element elementor-element-6c03b99 elementor-section-boxed elementor-section-height-default elementor-section-height-default\" data-id=\"6c03b99\" data-element_type=\"section\" data-settings=\"{&quot;background_background&quot;:&quot;classic&quot;}\">\n\t\t\t\t\t\t<div class=\"elementor-container elementor-column-gap-wider\">\n\t\t\t\t\t<div class=\"elementor-column elementor-col-50 elementor-top-column elementor-element elementor-element-28c15fb\" data-id=\"28c15fb\" data-element_type=\"column\">\n\t\t\t<div class=\"elementor-widget-wrap elementor-element-populated\">\n\t\t\t\t\t\t\t\t<div class=\"elementor-element elementor-element-a3c8f02 elementor-widget elementor-widget-text-editor\" data-id=\"a3c8f02\" data-element_type=\"widget\" data-widget_type=\"text-editor.default\">\n\t\t\t\t<div class=\"elementor-widget-container\">\n\t\t\t\t\t\t\t<p>Tras a\u00f1os de haber utilizado las flores de Bach, estudi\u00e9 psicolog\u00eda y psicoterapia humanista, dentro de un encuadre existencial y transpersonal, junto con formaci\u00f3n en relaci\u00f3n con Emociones y Salud. Siempre he entendido la Salud desde un enfoque hol\u00edstico de la persona.<\/p><p>Trato con las flores de Bach desde hace m\u00e1s de 30 a\u00f1os y considero que resultan de una ayuda enorme para el equilibrio emocional de la persona, facilitando el contactar con la propia fuerza para enfrentarse a momentos dif\u00edciles de la vida, para adaptarse a cambios, internos y externos, y para desbloquear miedos que podamos tener, a un nivel m\u00e1s o menos consciente.<\/p><p>He impartido algunos cursos de Iniciaci\u00f3n a las Flores de Bach, que son fundamentalmente estos escritos, y la idea de publicarlo ha sido compartir esta maravillosa terapia por todo lo que me ha ayudado en mi vida y en la de tantas personas&#8230;, y especialmente para Animar a la gente a que las conozcan y las prueben en momentos en que se sientan perdidos, sin fuerzas o en cualquier situaci\u00f3n en que no sepan c\u00f3mo seguir adelante&#8230;, y tambi\u00e9n, por supuesto, ofrecerla como Desarrollo Personal&#8230; Te pondr\u00e1n en contacto con tu propia Sabidur\u00eda Interna!<\/p>\t\t\t\t\t\t<\/div>\n\t\t\t\t<\/div>\n\t\t\t\t\t<\/div>\n\t\t<\/div>\n\t\t\t\t<div class=\"elementor-column elementor-col-50 elementor-top-column elementor-element elementor-element-1d1eaeb\" data-id=\"1d1eaeb\" data-element_type=\"column\">\n\t\t\t<div class=\"elementor-widget-wrap elementor-element-populated\">\n\t\t\t\t\t\t\t\t<div class=\"elementor-element elementor-element-19ed732 elementor-widget elementor-widget-text-editor\" data-id=\"19ed732\" data-element_type=\"widget\" data-widget_type=\"text-editor.default\">\n\t\t\t\t<div class=\"elementor-widget-container\">\n\t\t\t\t\t\t\t<p>Para facilitar a la gente que las conozca y las utilice, a\u00f1ado aqu\u00ed un peque\u00f1o\u00a0 resumen, como una gu\u00eda de estados emocionales, por los que todos\u00a0 solemos pasar (\u00bb Indicadores Orientativos de Grupos Emocionales\u00bb), y as\u00ed, poder buscar m\u00e1s f\u00e1cilmente las flores que necesitas. Como una primera orientaci\u00f3n para saber en qu\u00e9 flores\u00a0 empezar a fijarte, y luego poder buscarlas en la descripci\u00f3n m\u00e1s a fondo de cada flor, para saber m\u00e1s de ellas en detalle, y elegir as\u00ed cual es la que mejor te va. Espero que el se\u00f1alarlo as\u00ed facilite que te animes a probarlas!<\/p><p>Este Manual de Iniciaci\u00f3n es un trabajo de integraci\u00f3n a lo largo de a\u00f1os de diversas formaciones y libros de diferentes terapeutas de Flores de Bach , junto con mi experiencia en el tratamiento con ellas\u00a0 y con lo que considero\u00a0 m\u00e1s esencial de cada flor. Comparto aspectos que creo\u00a0 que pueden ser de ayuda para empezar a probar esta terapia, en cuanto a mi\u00a0 forma de entenderla y aplicarla.<\/p><p>Espero que os anim\u00e9is a conocerlas, para vosotros o para otras personas,\u00a0 y ver\u00e9is c\u00f3mo os resultan de una gran ayuda!<\/p><p>\u00a1\u00a1Muchas Gracias por interesarte por este libro y en especial por las Flores de Bach!!<\/p>\t\t\t\t\t\t<\/div>\n\t\t\t\t<\/div>\n\t\t\t\t\t<\/div>\n\t\t<\/div>\n\t\t\t\t\t\t\t<\/div>\n\t\t<\/section>\n\t\t\t\t<section class=\"elementor-section elementor-top-section elementor-element elementor-element-6942806 elementor-section-boxed elementor-section-height-default elementor-section-height-default\" data-id=\"6942806\" data-element_type=\"section\" data-settings=\"{&quot;background_background&quot;:&quot;classic&quot;}\">\n\t\t\t\t\t\t<div class=\"elementor-container elementor-column-gap-default\">\n\t\t\t\t\t<div class=\"elementor-column elementor-col-100 elementor-top-column elementor-element elementor-element-e9d55c8\" data-id=\"e9d55c8\" data-element_type=\"column\">\n\t\t\t<div class=\"elementor-widget-wrap elementor-element-populated\">\n\t\t\t\t\t\t\t\t<div class=\"elementor-element elementor-element-57d89d2 elementor-widget elementor-widget-heading\" data-id=\"57d89d2\" data-element_type=\"widget\" data-widget_type=\"heading.default\">\n\t\t\t\t<div class=\"elementor-widget-container\">\n\t\t\t<h3 class=\"elementor-heading-title elementor-size-default\">Si tienes alg\u00fan comentario sobre el libro o quieres m\u00e1s informaci\u00f3n, puedes escribirme a:<\/h3>\t\t<\/div>\n\t\t\t\t<\/div>\n\t\t\t\t<div class=\"elementor-element elementor-element-5cbd9e7 elementor-align-center elementor-button-info elementor-widget elementor-widget-button\" data-id=\"5cbd9e7\" data-element_type=\"widget\" data-widget_type=\"button.default\">\n\t\t\t\t<div class=\"elementor-widget-container\">\n\t\t\t\t\t<div class=\"elementor-button-wrapper\">\n\t\t\t<a href=\"https:\/\/floresdebachmariaoz.com\/index.php\/contacto\/\" class=\"elementor-button-link elementor-button elementor-size-sm elementor-animation-shrink\" role=\"button\">\n\t\t\t\t\t\t<span class=\"elementor-button-content-wrapper\">\n\t\t\t\t\t\t<span class=\"elementor-button-icon elementor-align-icon-right\">\n\t\t\t\t<svg xmlns=\"http:\/\/www.w3.org\/2000\/svg\" width=\"24\" height=\"24\" viewBox=\"0 0 24 24\"><path d=\"M12 12.713l-11.985-9.713h23.97l-11.985 9.713zm0 2.574l-12-9.725v15.438h24v-15.438l-12 9.725z\"><\/path><\/svg>\t\t\t<\/span>\n\t\t\t\t\t\t<span class=\"elementor-button-text\">contacto<\/span>\n\t\t<\/span>\n\t\t\t\t\t<\/a>\n\t\t<\/div>\n\t\t\t\t<\/div>\n\t\t\t\t<\/div>\n\t\t\t\t\t<\/div>\n\t\t<\/div>\n\t\t\t\t\t\t\t<\/div>\n\t\t<\/section>\n\t\t\t\t\t\t<\/div>\n\t\t\t\t\t<\/div>\n\t\t","protected":false},"excerpt":{"rendered":"<p>Flores de Bach Manual de Iniciaci\u00f3n Emociones en Equilibrio para la Vida Con Referencias a Grupos Emocionales Mar\u00eda OZEL comprar en amazon Tras a\u00f1os de haber utilizado las flores de Bach, estudi\u00e9 psicolog\u00eda y psicoterapia humanista, dentro de un encuadre existencial y transpersonal, junto con formaci\u00f3n en relaci\u00f3n con Emociones y Salud. Siempre he entendido &hellip;<\/p>\n<p class=\"read-more\"> <a class=\"\" href=\"https:\/\/floresdebachmariaoz.com\/index.php\/libro\/\"> <span class=\"screen-reader-text\">Libro<\/span> Leer m\u00e1s &raquo;<\/a><\/p>\n","protected":false},"author":1,"featured_media":0,"parent":0,"menu_order":0,"comment_status":"closed","ping_status":"closed","template":"elementor_header_footer","meta":{"site-sidebar-layout":"no-sidebar","site-content-layout":"page-builder","ast-main-header-display":"","ast-hfb-above-header-display":"","ast-hfb-below-header-display":"","ast-hfb-mobile-header-display":"","site-post-title":"disabled","ast-breadcrumbs-content":"disabled","ast-featured-img":"disabled","footer-sml-layout":"","theme-transparent-header-meta":"default","adv-header-id-meta":"","stick-header-meta":"","header-above-stick-meta":"","header-main-stick-meta":"","header-below-stick-meta":""},"yoast_head":"<!-- This site is optimized with the Yoast SEO plugin v17.6 - https:\/\/yoast.com\/wordpress\/plugins\/seo\/ -->\n<title>Flores de Bach Manual de Iniciaci\u00f3n<\/title>\n<meta name=\"description\" content=\"Flores de Bach Manual de Iniciaci\u00f3n: Emociones en Equilibrio para la Vida, con Referencias a Grupos Emocionales -Mar\u00eda OZEL\" \/>\n<meta name=\"robots\" content=\"index, follow, max-snippet:-1, max-image-preview:large, max-video-preview:-1\" \/>\n<link rel=\"canonical\" href=\"https:\/\/floresdebachmariaoz.com\/index.php\/libro\/\" \/>\n<meta property=\"og:locale\" content=\"es_ES\" \/>\n<meta property=\"og:type\" content=\"article\" \/>\n<meta property=\"og:title\" content=\"Flores de Bach Manual de Iniciaci\u00f3n\" \/>\n<meta property=\"og:description\" content=\"Flores de Bach Manual de Iniciaci\u00f3n: Emociones en Equilibrio para la Vida, con Referencias a Grupos Emocionales -Mar\u00eda OZEL\" \/>\n<meta property=\"og:url\" content=\"https:\/\/floresdebachmariaoz.com\/index.php\/libro\/\" \/>\n<meta property=\"og:site_name\" content=\"Flores de Bach\" \/>\n<meta property=\"article:modified_time\" content=\"2025-07-05T10:37:09+00:00\" \/>\n<meta property=\"og:image\" content=\"https:\/\/floresdebachmariaoz.com\/wp-content\/uploads\/2021\/11\/heart-36x51.png\" \/>\n<meta name=\"twitter:card\" content=\"summary_large_image\" \/>\n<meta name=\"twitter:label1\" content=\"Tiempo de lectura\" \/>\n\t<meta name=\"twitter:data1\" content=\"3 minutos\" \/>\n<script type=\"application\/ld+json\" class=\"yoast-schema-graph\">{\"@context\":\"https:\/\/schema.org\",\"@graph\":[{\"@type\":\"WebSite\",\"@id\":\"https:\/\/floresdebachmariaoz.com\/#website\",\"url\":\"https:\/\/floresdebachmariaoz.com\/\",\"name\":\"Flores de Bach\",\"description\":\"Manual de Ininiaci\\u00f3n\",\"potentialAction\":[{\"@type\":\"SearchAction\",\"target\":{\"@type\":\"EntryPoint\",\"urlTemplate\":\"https:\/\/floresdebachmariaoz.com\/?s={search_term_string}\"},\"query-input\":\"required name=search_term_string\"}],\"inLanguage\":\"es\"},{\"@type\":\"ImageObject\",\"@id\":\"https:\/\/floresdebachmariaoz.com\/index.php\/libro\/#primaryimage\",\"inLanguage\":\"es\",\"url\":\"https:\/\/floresdebachmariaoz.com\/wp-content\/uploads\/2021\/11\/heart.png\",\"contentUrl\":\"https:\/\/floresdebachmariaoz.com\/wp-content\/uploads\/2021\/11\/heart.png\",\"width\":142,\"height\":200},{\"@type\":\"WebPage\",\"@id\":\"https:\/\/floresdebachmariaoz.com\/index.php\/libro\/#webpage\",\"url\":\"https:\/\/floresdebachmariaoz.com\/index.php\/libro\/\",\"name\":\"Flores de Bach Manual de Iniciaci\\u00f3n\",\"isPartOf\":{\"@id\":\"https:\/\/floresdebachmariaoz.com\/#website\"},\"primaryImageOfPage\":{\"@id\":\"https:\/\/floresdebachmariaoz.com\/index.php\/libro\/#primaryimage\"},\"datePublished\":\"2021-11-25T18:49:43+00:00\",\"dateModified\":\"2025-07-05T10:37:09+00:00\",\"description\":\"Flores de Bach Manual de Iniciaci\\u00f3n: Emociones en Equilibrio para la Vida, con Referencias a Grupos Emocionales -Mar\\u00eda OZEL\",\"breadcrumb\":{\"@id\":\"https:\/\/floresdebachmariaoz.com\/index.php\/libro\/#breadcrumb\"},\"inLanguage\":\"es\",\"potentialAction\":[{\"@type\":\"ReadAction\",\"target\":[\"https:\/\/floresdebachmariaoz.com\/index.php\/libro\/\"]}]},{\"@type\":\"BreadcrumbList\",\"@id\":\"https:\/\/floresdebachmariaoz.com\/index.php\/libro\/#breadcrumb\",\"itemListElement\":[{\"@type\":\"ListItem\",\"position\":1,\"name\":\"Portada\",\"item\":\"https:\/\/floresdebachmariaoz.com\/\"},{\"@type\":\"ListItem\",\"position\":2,\"name\":\"Libro\"}]}]}<\/script>\n<!-- \/ Yoast SEO plugin. -->","yoast_head_json":{"title":"Flores de Bach Manual de Iniciaci\u00f3n","description":"Flores de Bach Manual de Iniciaci\u00f3n: Emociones en Equilibrio para la Vida, con Referencias a Grupos Emocionales -Mar\u00eda OZEL","robots":{"index":"index","follow":"follow","max-snippet":"max-snippet:-1","max-image-preview":"max-image-preview:large","max-video-preview":"max-video-preview:-1"},"canonical":"https:\/\/floresdebachmariaoz.com\/index.php\/libro\/","og_locale":"es_ES","og_type":"article","og_title":"Flores de Bach Manual de Iniciaci\u00f3n","og_description":"Flores de Bach Manual de Iniciaci\u00f3n: Emociones en Equilibrio para la Vida, con Referencias a Grupos Emocionales -Mar\u00eda OZEL","og_url":"https:\/\/floresdebachmariaoz.com\/index.php\/libro\/","og_site_name":"Flores de Bach","article_modified_time":"2025-07-05T10:37:09+00:00","og_image":[{"url":"https:\/\/floresdebachmariaoz.com\/wp-content\/uploads\/2021\/11\/heart-36x51.png"}],"twitter_card":"summary_large_image","twitter_misc":{"Tiempo de lectura":"3 minutos"},"schema":{"@context":"https:\/\/schema.org","@graph":[{"@type":"WebSite","@id":"https:\/\/floresdebachmariaoz.com\/#website","url":"https:\/\/floresdebachmariaoz.com\/","name":"Flores de Bach","description":"Manual de Ininiaci\u00f3n","potentialAction":[{"@type":"SearchAction","target":{"@type":"EntryPoint","urlTemplate":"https:\/\/floresdebachmariaoz.com\/?s={search_term_string}"},"query-input":"required name=search_term_string"}],"inLanguage":"es"},{"@type":"ImageObject","@id":"https:\/\/floresdebachmariaoz.com\/index.php\/libro\/#primaryimage","inLanguage":"es","url":"https:\/\/floresdebachmariaoz.com\/wp-content\/uploads\/2021\/11\/heart.png","contentUrl":"https:\/\/floresdebachmariaoz.com\/wp-content\/uploads\/2021\/11\/heart.png","width":142,"height":200},{"@type":"WebPage","@id":"https:\/\/floresdebachmariaoz.com\/index.php\/libro\/#webpage","url":"https:\/\/floresdebachmariaoz.com\/index.php\/libro\/","name":"Flores de Bach Manual de Iniciaci\u00f3n","isPartOf":{"@id":"https:\/\/floresdebachmariaoz.com\/#website"},"primaryImageOfPage":{"@id":"https:\/\/floresdebachmariaoz.com\/index.php\/libro\/#primaryimage"},"datePublished":"2021-11-25T18:49:43+00:00","dateModified":"2025-07-05T10:37:09+00:00","description":"Flores de Bach Manual de Iniciaci\u00f3n: Emociones en Equilibrio para la Vida, con Referencias a Grupos Emocionales -Mar\u00eda OZEL","breadcrumb":{"@id":"https:\/\/floresdebachmariaoz.com\/index.php\/libro\/#breadcrumb"},"inLanguage":"es","potentialAction":[{"@type":"ReadAction","target":["https:\/\/floresdebachmariaoz.com\/index.php\/libro\/"]}]},{"@type":"BreadcrumbList","@id":"https:\/\/floresdebachmariaoz.com\/index.php\/libro\/#breadcrumb","itemListElement":[{"@type":"ListItem","position":1,"name":"Portada","item":"https:\/\/floresdebachmariaoz.com\/"},{"@type":"ListItem","position":2,"name":"Libro"}]}]}},"_links":{"self":[{"href":"https:\/\/floresdebachmariaoz.com\/index.php\/wp-json\/wp\/v2\/pages\/138"}],"collection":[{"href":"https:\/\/floresdebachmariaoz.com\/index.php\/wp-json\/wp\/v2\/pages"}],"about":[{"href":"https:\/\/floresdebachmariaoz.com\/index.php\/wp-json\/wp\/v2\/types\/page"}],"author":[{"embeddable":true,"href":"https:\/\/floresdebachmariaoz.com\/index.php\/wp-json\/wp\/v2\/users\/1"}],"replies":[{"embeddable":true,"href":"https:\/\/floresdebachmariaoz.com\/index.php\/wp-json\/wp\/v2\/comments?post=138"}],"version-history":[{"count":20,"href":"https:\/\/floresdebachmariaoz.com\/index.php\/wp-json\/wp\/v2\/pages\/138\/revisions"}],"predecessor-version":[{"id":284,"href":"https:\/\/floresdebachmariaoz.com\/index.php\/wp-json\/wp\/v2\/pages\/138\/revisions\/284"}],"wp:attachment":[{"href":"https:\/\/floresdebachmariaoz.com\/index.php\/wp-json\/wp\/v2\/media?parent=138"}],"curies":[{"name":"wp","href":"https:\/\/api.w.org\/{rel}","templated":true}]}}